{"id":404,"date":"2026-04-12T16:47:32","date_gmt":"2026-04-12T16:47:32","guid":{"rendered":"http:\/\/storiesofsevilla.es\/?page_id=404"},"modified":"2026-05-09T19:10:26","modified_gmt":"2026-05-09T19:10:26","slug":"experiencia","status":"publish","type":"page","link":"https:\/\/storiesofsevilla.es\/es\/experiencia\/","title":{"rendered":"Experiencia"},"content":{"rendered":"<div data-elementor-type=\"wp-page\" data-elementor-id=\"404\" class=\"elementor elementor-404\">\n\t\t\t\t<div class=\"elementor-element elementor-element-18d350f e-flex e-con-boxed e-con e-parent\" data-id=\"18d350f\" data-element_type=\"container\" data-e-type=\"container\">\n\t\t\t\t\t<div class=\"e-con-inner\">\n\t\t<div class=\"elementor-element elementor-element-e1a0bbd e-con-full e-flex e-con e-child\" data-id=\"e1a0bbd\" data-element_type=\"container\" data-e-type=\"container\">\n\t\t\t\t<div class=\"elementor-element elementor-element-ac624fb elementor-widget elementor-widget-heading\" data-id=\"ac624fb\" data-element_type=\"widget\" data-e-type=\"widget\" data-widget_type=\"heading.default\">\n\t\t\t\t\t<h1 class=\"elementor-heading-title elementor-size-default\">De la Historia al Souvenir<\/h1>\t\t\t\t<\/div>\n\t\t\t\t<\/div>\n\t\t\t\t<div class=\"elementor-element elementor-element-f5ef9b7 elementor-widget elementor-widget-text-editor\" data-id=\"f5ef9b7\" data-element_type=\"widget\" data-e-type=\"widget\" data-widget_type=\"text-editor.default\">\n\t\t\t\t\t\t\t\t\t<h4 data-start=\"482\" data-end=\"559\">Crea tus propios recuerdos con significado en Sevilla.<\/h4>\t\t\t\t\t\t\t\t<\/div>\n\t\t<div class=\"elementor-element elementor-element-68557ce e-con-full e-flex e-con e-child\" data-id=\"68557ce\" data-element_type=\"container\" data-e-type=\"container\">\n\t\t\t\t<div class=\"elementor-element elementor-element-d57ef52 elementor-widget elementor-widget-text-editor\" data-id=\"d57ef52\" data-element_type=\"widget\" data-e-type=\"widget\" data-widget_type=\"text-editor.default\">\n\t\t\t\t\t\t\t\t\t<p>Descubre la ciudad a trav\u00e9s de historias, sabores y artesan\u00eda mientras creas algo significativo para llevarte a casa.<\/p>\t\t\t\t\t\t\t\t<\/div>\n\t\t\t\t<\/div>\n\t\t\t\t\t<\/div>\n\t\t\t\t<\/div>\n\t\t<div class=\"elementor-element elementor-element-c43d81e e-flex e-con-boxed e-con e-parent\" data-id=\"c43d81e\" data-element_type=\"container\" data-e-type=\"container\">\n\t\t\t\t\t<div class=\"e-con-inner\">\n\t\t<div class=\"elementor-element elementor-element-d589965 e-con-full e-flex e-con e-child\" data-id=\"d589965\" data-element_type=\"container\" data-e-type=\"container\">\n\t\t<div class=\"elementor-element elementor-element-36f763b e-con-full e-flex e-con e-child\" data-id=\"36f763b\" data-element_type=\"container\" data-e-type=\"container\">\n\t\t\t\t<div class=\"elementor-element elementor-element-b6e899b elementor-widget elementor-widget-image\" data-id=\"b6e899b\" data-element_type=\"widget\" data-e-type=\"widget\" data-widget_type=\"image.default\">\n\t\t\t\t\t\t\t\t\t\t\t\t\t\t\t<img fetchpriority=\"high\" decoding=\"async\" width=\"768\" height=\"384\" src=\"https:\/\/storiesofsevilla.es\/wp-content\/uploads\/2026\/04\/grupo-reducido-768x384.png\" class=\"attachment-medium_large size-medium_large wp-image-304\" alt=\"\" srcset=\"https:\/\/storiesofsevilla.es\/wp-content\/uploads\/2026\/04\/grupo-reducido-768x384.png 768w, https:\/\/storiesofsevilla.es\/wp-content\/uploads\/2026\/04\/grupo-reducido-300x150.png 300w, https:\/\/storiesofsevilla.es\/wp-content\/uploads\/2026\/04\/grupo-reducido-1024x512.png 1024w, https:\/\/storiesofsevilla.es\/wp-content\/uploads\/2026\/04\/grupo-reducido-1536x768.png 1536w, https:\/\/storiesofsevilla.es\/wp-content\/uploads\/2026\/04\/grupo-reducido-2048x1024.png 2048w\" sizes=\"(max-width: 768px) 100vw, 768px\" \/>\t\t\t\t\t\t\t\t\t\t\t\t\t\t\t<\/div>\n\t\t\t\t<\/div>\n\t\t<div class=\"elementor-element elementor-element-4c07b0a e-con-full e-flex e-con e-child\" data-id=\"4c07b0a\" data-element_type=\"container\" data-e-type=\"container\">\n\t\t\t\t<div class=\"elementor-element elementor-element-18b96d0 elementor-widget elementor-widget-text-editor\" data-id=\"18b96d0\" data-element_type=\"widget\" data-e-type=\"widget\" data-widget_type=\"text-editor.default\">\n\t\t\t\t\t\t\t\t\t<p>\u00a0<span style=\"color: #ffcd4b;\">Stories of Sevilla<\/span>, shop &amp; experience lab\u00a0<span style=\"background-color: rgba(0, 0, 0, 0);\">es el lugar donde se replantea la manera en que los viajeros se conectan con la ciudad.<\/span><\/p><p>Te invitamos a un viaje creativo en el que descubrir\u00e1s las historias, los sentidos y la artesan\u00eda de Sevilla mientras armas un pack \u00fanico de cinco recuerdos personalizados.<\/p>\t\t\t\t\t\t\t\t<\/div>\n\t\t\t\t<\/div>\n\t\t\t\t<\/div>\n\t\t\t\t\t<\/div>\n\t\t\t\t<\/div>\n\t\t<div class=\"elementor-element elementor-element-24ce4c2 e-flex e-con-boxed e-con e-parent\" data-id=\"24ce4c2\" data-element_type=\"container\" data-e-type=\"container\">\n\t\t\t\t\t<div class=\"e-con-inner\">\n\t\t\t\t<div class=\"elementor-element elementor-element-ceb160d elementor-widget elementor-widget-text-editor\" data-id=\"ceb160d\" data-element_type=\"widget\" data-e-type=\"widget\" data-widget_type=\"text-editor.default\">\n\t\t\t\t\t\t\t\t\t<p><span style=\"background-color: rgba(0, 0, 0, 0);\">Arraigada en el turismo slow y en la cultura local, nuestra experiencia sensorial combina procesos artesanales, gastronom\u00eda, aromas, m\u00fasica y simbolismo para crear recuerdos significativos: objetos que encapsulan la identidad de la ciudad de manera honesta, contempor\u00e1nea y sostenible.<\/span><\/p><p><span style=\"color: #4a5568; font-family: Roboto Slab, serif;\"><span style=\"font-size: 18px;\"><b>Stories of Sevilla es el lugar donde el viaje se convierte en memoria, y la memoria en algo que puedes sostener.<\/b><\/span><\/span><\/p>\t\t\t\t\t\t\t\t<\/div>\n\t\t\t\t\t<\/div>\n\t\t\t\t<\/div>\n\t\t<div class=\"elementor-element elementor-element-c0f4aa0 e-flex e-con-boxed e-con e-parent\" data-id=\"c0f4aa0\" data-element_type=\"container\" data-e-type=\"container\">\n\t\t\t\t\t<div class=\"e-con-inner\">\n\t\t<div class=\"elementor-element elementor-element-0f473a8 e-con-full e-flex e-con e-child\" data-id=\"0f473a8\" data-element_type=\"container\" data-e-type=\"container\">\n\t\t\t\t<div class=\"elementor-element elementor-element-13ac3d2 elementor-align-center elementor-widget elementor-widget-button\" data-id=\"13ac3d2\" data-element_type=\"widget\" data-e-type=\"widget\" data-widget_type=\"button.default\">\n\t\t\t\t\t\t\t\t\t\t<a class=\"elementor-button elementor-button-link elementor-size-sm\" href=\"#\">\n\t\t\t\t\t\t<span class=\"elementor-button-content-wrapper\">\n\t\t\t\t\t\t\t\t\t<span class=\"elementor-button-text\">Reserva tu experiencia<\/span>\n\t\t\t\t\t<\/span>\n\t\t\t\t\t<\/a>\n\t\t\t\t\t\t\t\t<\/div>\n\t\t\t\t<div class=\"elementor-element elementor-element-0bdfe9e elementor-widget elementor-widget-text-editor\" data-id=\"0bdfe9e\" data-element_type=\"widget\" data-e-type=\"widget\" data-widget_type=\"text-editor.default\">\n\t\t\t\t\t\t\t\t\t<p>Grupos peque\u00f1os \u00b7 Plazas limitadas<\/p>\t\t\t\t\t\t\t\t<\/div>\n\t\t\t\t<\/div>\n\t\t\t\t\t<\/div>\n\t\t\t\t<\/div>\n\t\t<div class=\"elementor-element elementor-element-a4799e9 e-flex e-con-boxed e-con e-parent\" data-id=\"a4799e9\" data-element_type=\"container\" data-e-type=\"container\" data-settings=\"{&quot;background_background&quot;:&quot;classic&quot;}\">\n\t\t\t\t\t<div class=\"e-con-inner\">\n\t\t<div class=\"elementor-element elementor-element-8076bfd e-con-full e-flex e-con e-child\" data-id=\"8076bfd\" data-element_type=\"container\" data-e-type=\"container\">\n\t\t\t\t<div class=\"elementor-element elementor-element-c382c1c elementor-widget elementor-widget-spacer\" data-id=\"c382c1c\" data-element_type=\"widget\" data-e-type=\"widget\" data-widget_type=\"spacer.default\">\n\t\t\t\t\t\t\t<div class=\"elementor-spacer\">\n\t\t\t<div class=\"elementor-spacer-inner\"><\/div>\n\t\t<\/div>\n\t\t\t\t\t\t<\/div>\n\t\t\t\t<div class=\"elementor-element elementor-element-0346ff7 elementor-widget elementor-widget-text-editor\" data-id=\"0346ff7\" data-element_type=\"widget\" data-e-type=\"widget\" data-widget_type=\"text-editor.default\">\n\t\t\t\t\t\t\t\t\t<h3><span style=\"display: flex; align-items: center; color: #ffffff;\">Esta experiencia es perfecta para ti si&#8230;<br \/><\/span><\/h3>\t\t\t\t\t\t\t\t<\/div>\n\t\t\t\t<\/div>\n\t\t\t\t\t<\/div>\n\t\t\t\t<\/div>\n\t\t<div class=\"elementor-element elementor-element-4d82f13 e-flex e-con-boxed e-con e-parent\" data-id=\"4d82f13\" data-element_type=\"container\" data-e-type=\"container\" data-settings=\"{&quot;background_background&quot;:&quot;classic&quot;}\">\n\t\t\t\t\t<div class=\"e-con-inner\">\n\t\t\t\t<div class=\"elementor-element elementor-element-9d65c9c elementor-widget elementor-widget-text-editor\" data-id=\"9d65c9c\" data-element_type=\"widget\" data-e-type=\"widget\" data-widget_type=\"text-editor.default\">\n\t\t\t\t\t\t\t\t\t<div style=\"display: flex; flex-direction: column; gap: 14px;\"><div style=\"display: flex; align-items: flex-start;\"><span style=\"color: #ffffff;\"><img decoding=\"async\" style=\"width: 18px; min-width: 18px; margin-right: 10px; margin-top: 4px;\" src=\"http:\/\/storiesofsevilla.es\/wp-content\/uploads\/2026\/04\/Simbolo.-Stories-of-Sevilla-2.svg\" \/><\/span><br \/><span style=\"line-height: 1.5; color: #ffffff;\">Buscas una manera aut\u00e9ntica y creativa de vivir Sevilla, m\u00e1s all\u00e1 de los tours saturados y el turismo masivo.<\/span><\/div><div style=\"display: flex; align-items: flex-start;\"><span style=\"color: #ffffff;\"><img decoding=\"async\" style=\"width: 18px; min-width: 18px; margin-right: 10px; margin-top: 4px;\" src=\"http:\/\/storiesofsevilla.es\/wp-content\/uploads\/2026\/04\/Simbolo.-Stories-of-Sevilla-2.svg\" \/><\/span><br \/><span style=\"line-height: 1.5; color: #ffffff;\">Quieres descubrir la ciudad a trav\u00e9s de todos tus sentidos: gusto, olfato, tacto, o\u00eddo y narraci\u00f3n de historias.<\/span><\/div><div style=\"display: flex; align-items: flex-start;\"><span style=\"color: #ffffff;\"><img decoding=\"async\" style=\"width: 18px; min-width: 18px; margin-right: 10px; margin-top: 4px;\" src=\"http:\/\/storiesofsevilla.es\/wp-content\/uploads\/2026\/04\/Simbolo.-Stories-of-Sevilla-2.svg\" \/><\/span><br \/><span style=\"line-height: 1.5; color: #ffffff;\">Disfrutas creando algo con significado, haciendo una pausa consciente frente a un turismo r\u00e1pido y lleno de aglomeraciones.<\/span><\/div><div style=\"display: flex; align-items: flex-start;\"><span style=\"color: #ffffff;\"><img decoding=\"async\" style=\"width: 18px; min-width: 18px; margin-right: 10px; margin-top: 4px;\" src=\"http:\/\/storiesofsevilla.es\/wp-content\/uploads\/2026\/04\/Simbolo.-Stories-of-Sevilla-2.svg\" \/><\/span><br \/><span style=\"line-height: 1.5; color: #ffffff;\">Valoras recuerdos de alta calidad, hechos a mano y arraigados en la cultura local.<\/span><\/div><div style=\"display: flex; align-items: flex-start;\"><span style=\"color: #ffffff;\"><img decoding=\"async\" style=\"width: 18px; min-width: 18px; margin-right: 10px; margin-top: 4px;\" src=\"http:\/\/storiesofsevilla.es\/wp-content\/uploads\/2026\/04\/Simbolo.-Stories-of-Sevilla-2.svg\" \/><\/span><br \/><span style=\"line-height: 1.5; color: #ffffff;\">Aprecias el turismo lento y respetuoso, el dise\u00f1o y las experiencias sostenibles, incluso si dispones de tiempo limitado.<\/span><\/div><\/div>\t\t\t\t\t\t\t\t<\/div>\n\t\t\t\t\t<\/div>\n\t\t\t\t<\/div>\n\t\t<div class=\"elementor-element elementor-element-50c96ea e-flex e-con-boxed e-con e-parent\" data-id=\"50c96ea\" data-element_type=\"container\" data-e-type=\"container\" data-settings=\"{&quot;background_background&quot;:&quot;classic&quot;}\">\n\t\t\t\t\t<div class=\"e-con-inner\">\n\t\t\t\t<div class=\"elementor-element elementor-element-2b68ab6 elementor-widget elementor-widget-spacer\" data-id=\"2b68ab6\" data-element_type=\"widget\" data-e-type=\"widget\" data-widget_type=\"spacer.default\">\n\t\t\t\t\t\t\t<div class=\"elementor-spacer\">\n\t\t\t<div class=\"elementor-spacer-inner\"><\/div>\n\t\t<\/div>\n\t\t\t\t\t\t<\/div>\n\t\t\t\t\t<\/div>\n\t\t\t\t<\/div>\n\t\t<div class=\"elementor-element elementor-element-4965816 e-flex e-con-boxed e-con e-parent\" data-id=\"4965816\" data-element_type=\"container\" data-e-type=\"container\" data-settings=\"{&quot;background_background&quot;:&quot;classic&quot;}\">\n\t\t\t\t\t<div class=\"e-con-inner\">\n\t\t<div class=\"elementor-element elementor-element-10be05b e-con-full e-flex e-con e-child\" data-id=\"10be05b\" data-element_type=\"container\" data-e-type=\"container\">\n\t\t<div class=\"elementor-element elementor-element-37ea14f e-con-full e-flex e-con e-child\" data-id=\"37ea14f\" data-element_type=\"container\" data-e-type=\"container\">\n\t\t\t\t<div class=\"elementor-element elementor-element-b3bead0 elementor-widget elementor-widget-heading\" data-id=\"b3bead0\" data-element_type=\"widget\" data-e-type=\"widget\" data-widget_type=\"heading.default\">\n\t\t\t\t\t<h2 class=\"elementor-heading-title elementor-size-default\">C\u00f3mo funciona la experiencia<span><\/span><\/h2>\t\t\t\t<\/div>\n\t\t\t\t<div class=\"elementor-element elementor-element-9e5e3f6 elementor-widget elementor-widget-text-editor\" data-id=\"9e5e3f6\" data-element_type=\"widget\" data-e-type=\"widget\" data-widget_type=\"text-editor.default\">\n\t\t\t\t\t\t\t\t\t<p><span style=\"color: #ffffff;\">La experiencia combina la narraci\u00f3n cultural con una degustaci\u00f3n guiada multisensorial de Sevilla, activando el gusto, el olfato, el o\u00eddo y el tacto. Adem\u00e1s, podr\u00e1s ensamblar y personalizar tu propio pack de recuerdos de Sevilla (incluye jab\u00f3n, tarjeta olfativa, im\u00e1n, l\u00e1mina art\u00edstica y un recetario) para llevarte a casa al final de la sesi\u00f3n.<\/span><\/p>\t\t\t\t\t\t\t\t<\/div>\n\t\t\t\t<\/div>\n\t\t<div class=\"elementor-element elementor-element-8336e34 e-con-full e-flex e-con e-child\" data-id=\"8336e34\" data-element_type=\"container\" data-e-type=\"container\">\n\t\t\t\t<div class=\"elementor-element elementor-element-b400949 elementor-widget__width-inherit elementor-widget elementor-widget-text-editor\" data-id=\"b400949\" data-element_type=\"widget\" data-e-type=\"widget\" data-widget_type=\"text-editor.default\">\n\t\t\t\t\t\t\t\t\t<div style=\"display: flex; flex-direction: column; gap: 14px; margin-top: 10px;\">\n<ul>\n \t<li style=\"display: flex; align-items: flex-start;\"><span style=\"font-size: 18px; min-width: 22px; margin-right: 10px; color: #ffffff;\">\u23f1\ufe0f<\/span>\n<span style=\"line-height: 1.5; color: #ffffff;\">Duraci\u00f3n: 90 minutos<\/span><\/li>\n \t<li style=\"display: flex; align-items: flex-start;\"><span style=\"font-size: 18px; min-width: 22px; margin-right: 10px; color: #ffffff;\">\ud83d\udc65<\/span>\n<span style=\"line-height: 1.5; color: #ffffff;\">Tama\u00f1o m\u00e1ximo del grupo: 16 personas<\/span><\/li>\n \t<li style=\"display: flex; align-items: flex-start;\"><span style=\"font-size: 18px; min-width: 22px; margin-right: 10px; color: #ffffff;\">\ud83c\udf0d<\/span>\n<span style=\"line-height: 1.5; color: #ffffff;\">Idiomas: Espa\u00f1ol e Ingl\u00e9s<\/span><\/li>\n \t<li style=\"display: flex; align-items: flex-start;\"><span style=\"font-size: 18px; min-width: 22px; margin-right: 10px; color: #ffffff;\">\ud83d\udd52<\/span>\n<span style=\"line-height: 1.5; color: #ffffff;\">Horario: ma\u00f1ana \/ tarde<\/span><\/li>\n \t<li style=\"display: flex; align-items: flex-start;\"><span style=\"font-size: 18px; min-width: 22px; margin-right: 10px; color: #ffffff;\">\ud83c\udf93<\/span>\n<span style=\"line-height: 1.5; color: #ffffff;\">Edad recomendada: a partir de edad escolar<\/span><\/li>\n<\/ul>\n<\/div>\t\t\t\t\t\t\t\t<\/div>\n\t\t\t\t<\/div>\n\t\t\t\t<\/div>\n\t\t\t\t\t<\/div>\n\t\t\t\t<\/div>\n\t\t<div class=\"elementor-element elementor-element-1b8cebf e-flex e-con-boxed e-con e-parent\" data-id=\"1b8cebf\" data-element_type=\"container\" data-e-type=\"container\" data-settings=\"{&quot;background_background&quot;:&quot;classic&quot;}\">\n\t\t\t\t\t<div class=\"e-con-inner\">\n\t\t\t\t<div class=\"elementor-element elementor-element-d9d7a56 elementor-widget elementor-widget-spacer\" data-id=\"d9d7a56\" data-element_type=\"widget\" data-e-type=\"widget\" data-widget_type=\"spacer.default\">\n\t\t\t\t\t\t\t<div class=\"elementor-spacer\">\n\t\t\t<div class=\"elementor-spacer-inner\"><\/div>\n\t\t<\/div>\n\t\t\t\t\t\t<\/div>\n\t\t\t\t\t<\/div>\n\t\t\t\t<\/div>\n\t\t<div class=\"elementor-element elementor-element-f9cf32a e-flex e-con-boxed e-con e-parent\" data-id=\"f9cf32a\" data-element_type=\"container\" data-e-type=\"container\" data-settings=\"{&quot;background_background&quot;:&quot;classic&quot;}\">\n\t\t\t\t\t<div class=\"e-con-inner\">\n\t\t<div class=\"elementor-element elementor-element-e271748 e-con-full e-flex e-con e-child\" data-id=\"e271748\" data-element_type=\"container\" data-e-type=\"container\">\n\t\t\t\t<div class=\"elementor-element elementor-element-1c5b74c elementor-widget elementor-widget-heading\" data-id=\"1c5b74c\" data-element_type=\"widget\" data-e-type=\"widget\" data-widget_type=\"heading.default\">\n\t\t\t\t\t<h2 class=\"elementor-heading-title elementor-size-default\">Puntos destacados<\/h2>\t\t\t\t<\/div>\n\t\t\t\t<div class=\"elementor-element elementor-element-bca30cf elementor-widget elementor-widget-text-editor\" data-id=\"bca30cf\" data-element_type=\"widget\" data-e-type=\"widget\" data-widget_type=\"text-editor.default\">\n\t\t\t\t\t\t\t\t\t<style>\n.highlights-grid {\n  display: grid;\n  grid-template-columns: repeat(3, 1fr);\n  gap: 30px;\n  margin-top: 30px;\n}\n\n.highlight-item {\n  text-align: center;\n  padding: 25px 20px;\n  border: 1px solid #eee;\n  border-radius: 12px;\n  transition: all 0.3s ease;\n  background: #fff;\n}\n\n.highlight-item:hover {\n  transform: translateY(-5px);\n  box-shadow: 0 10px 25px rgba(0,0,0,0.08);\n}\n\n.highlight-icon {\n  font-size: 28px;\n  margin-bottom: 10px;\n}\n\n.highlight-title {\n  margin: 10px 0 5px;\n  font-weight: 600;\n}\n\n.highlight-text {\n  font-size: 14px;\n  color: #555;\n}\n\n\/* Tablet *\/\n@media (max-width: 1024px) {\n  .highlights-grid {\n    grid-template-columns: repeat(2, 1fr);\n  }\n}\n\n\/* M\u00f3vil *\/\n@media (max-width: 600px) {\n  .highlights-grid {\n    grid-template-columns: 1fr;\n  }\n}\n<\/style>\n\n<div class=\"highlights-grid\">\n\n  <div class=\"highlight-item\">\n    <div class=\"highlight-icon\">\u2728<\/div>\n    <div class=\"highlight-title\">Taller pr\u00e1ctico<\/div>\n    <div class=\"highlight-text\">Crea tu propio recuerdo guiado por artesanos locales<\/div>\n  <\/div>\n\n  <div class=\"highlight-item\">\n    <div class=\"highlight-icon\">\ud83c\udf81<\/div>\n    <div class=\"highlight-title\">Pack personalizado<\/div>\n    <div class=\"highlight-text\">Ll\u00e9vate a casa una selecci\u00f3n de piezas artesanales<\/div>\n  <\/div>\n\n  <div class=\"highlight-item\">\n    <div class=\"highlight-icon\">\ud83c\udf77<\/div>\n    <div class=\"highlight-title\">Experiencia sensorial<\/div>\n    <div class=\"highlight-text\">Descubre Sevilla a trav\u00e9s del gusto, el olfato y el tacto<\/div>\n  <\/div>\n\n  <div class=\"highlight-item\">\n    <div class=\"highlight-icon\">\ud83c\udf3f<\/div>\n    <div class=\"highlight-title\">Experiencia sostenible<\/div>\n    <div class=\"highlight-text\">Turismo slow arraigado en la cultura local<\/div>\n  <\/div>\n\n  <div class=\"highlight-item\">\n    <div class=\"highlight-icon\">\u23f1\ufe0f<\/div>\n    <div class=\"highlight-title\">Experiencia de 1h 30 min<\/div>\n    <div class=\"highlight-text\">Actividad perfecta entre visitas tur\u00edsticas<\/div>\n  <\/div>\n\n  <div class=\"highlight-item\">\n    <div class=\"highlight-icon\">\ud83d\udccd<\/div>\n    <div class=\"highlight-title\">Ubicaci\u00f3n c\u00e9ntrica<\/div>\n    <div class=\"highlight-text\">Estudio creativo en el coraz\u00f3n de Sevilla<\/div>\n  <\/div>\n\n<\/div>\t\t\t\t\t\t\t\t<\/div>\n\t\t\t\t<div class=\"elementor-element elementor-element-82581d3 elementor-widget elementor-widget-spacer\" data-id=\"82581d3\" data-element_type=\"widget\" data-e-type=\"widget\" data-widget_type=\"spacer.default\">\n\t\t\t\t\t\t\t<div class=\"elementor-spacer\">\n\t\t\t<div class=\"elementor-spacer-inner\"><\/div>\n\t\t<\/div>\n\t\t\t\t\t\t<\/div>\n\t\t\t\t<\/div>\n\t\t\t\t\t<\/div>\n\t\t\t\t<\/div>\n\t\t<div class=\"elementor-element elementor-element-0bef724 e-flex e-con-boxed e-con e-parent\" data-id=\"0bef724\" data-element_type=\"container\" data-e-type=\"container\">\n\t\t\t\t\t<div class=\"e-con-inner\">\n\t\t<div class=\"elementor-element elementor-element-e2e5d18 e-con-full e-flex e-con e-child\" data-id=\"e2e5d18\" data-element_type=\"container\" data-e-type=\"container\">\n\t\t<div class=\"elementor-element elementor-element-36041ab e-con-full e-flex e-con e-child\" data-id=\"36041ab\" data-element_type=\"container\" data-e-type=\"container\">\n\t\t\t\t<div class=\"elementor-element elementor-element-bcf0c4c elementor-widget elementor-widget-heading\" data-id=\"bcf0c4c\" data-element_type=\"widget\" data-e-type=\"widget\" data-widget_type=\"heading.default\">\n\t\t\t\t\t<h2 class=\"elementor-heading-title elementor-size-default\">Qu\u00e9 dice la gente sobre esta experiencia<\/h2>\t\t\t\t<\/div>\n\t\t\t\t<div class=\"elementor-element elementor-element-5f2a7b4 elementor-widget elementor-widget-text-editor\" data-id=\"5f2a7b4\" data-element_type=\"widget\" data-e-type=\"widget\" data-widget_type=\"text-editor.default\">\n\t\t\t\t\t\t\t\t\t<div style=\"display: grid; grid-template-columns: repeat(auto-fit, minmax(250px, 1fr)); gap: 25px; margin-top: 30px;\">\n\n  <div style=\"padding: 20px; border: 1px solid #eee; border-radius: 12px; background: #fff;\">\n    <p style=\"font-style: italic; line-height:1.6; margin-bottom:10px;\">\n      \u201cUna forma realmente \u00fanica de vivir Sevilla. Se sinti\u00f3 personal, creativa y muy diferente a los tours habituales.\u201d\n    <\/p>\n    <strong>\u2014 Emily, Reino Unido<\/strong>\n  <\/div>\n\n  <div style=\"padding: 20px; border: 1px solid #eee; border-radius: 12px; background: #fff;\">\n    <p style=\"font-style: italic; line-height:1.6; margin-bottom:10px;\">\n      \u201cUno de los mejores momentos de nuestro viaje. Nos encant\u00f3 crear algo con significado para llevarnos a casa.\u201d\n    <\/p>\n    <strong>\u2014 Marco, Italia<\/strong>\n  <\/div>\n\n  <div style=\"padding: 20px; border: 1px solid #eee; border-radius: 12px; background: #fff;\">\n    <p style=\"font-style: italic; line-height:1.6; margin-bottom:10px;\">\n      \u201cUn concepto precioso, un ambiente incre\u00edble y detalles locales que marcan la diferencia. Totalmente recomendable.\u201d\n    <\/p>\n    <strong>\u2014 Sarah, Estados Unidos<\/strong>\n  <\/div>\n\n<\/div>\t\t\t\t\t\t\t\t<\/div>\n\t\t\t\t<div class=\"elementor-element elementor-element-2cd946e elementor-widget elementor-widget-text-editor\" data-id=\"2cd946e\" data-element_type=\"widget\" data-e-type=\"widget\" data-widget_type=\"text-editor.default\">\n\t\t\t\t\t\t\t\t\t<style>\n.final-text-wrapper {\n  display: flex;\n  justify-content: center;\n  width: 100%;\n}\n\n.final-text {\n  text-align: center;\n  margin: 40px 0 0;\n  max-width: 700px;\n  padding: 0 20px;\n  font-size: 22px;\n  line-height: 1.5;\n  color: #e63c55;\n}\n\n\/* Tablet *\/\n@media (max-width: 1024px) {\n  .final-text {\n    font-size: 20px;\n  }\n}\n\n\/* M\u00f3vil *\/\n@media (max-width: 600px) {\n  .final-text {\n    font-size: 18px;\n  }\n}\n<\/style>\n\n<div class=\"final-text-wrapper\">\n  <h3 class=\"final-text\">\n    Una experiencia inmersiva de los sabores, la artesan\u00eda, la m\u00fasica y la vida cotidiana de Sevilla \u2014 dise\u00f1ada para crear recuerdos que podr\u00e1s llevarte contigo.\n  <\/h3>\n<\/div>\t\t\t\t\t\t\t\t<\/div>\n\t\t\t\t<\/div>\n\t\t\t\t<\/div>\n\t\t\t\t\t<\/div>\n\t\t\t\t<\/div>\n\t\t<div class=\"elementor-element elementor-element-023879d e-flex e-con-boxed e-con e-parent\" data-id=\"023879d\" data-element_type=\"container\" data-e-type=\"container\">\n\t\t\t\t\t<div class=\"e-con-inner\">\n\t\t\t\t<div class=\"elementor-element elementor-element-a8fcf04 elementor-widget elementor-widget-spacer\" data-id=\"a8fcf04\" data-element_type=\"widget\" data-e-type=\"widget\" data-widget_type=\"spacer.default\">\n\t\t\t\t\t\t\t<div class=\"elementor-spacer\">\n\t\t\t<div class=\"elementor-spacer-inner\"><\/div>\n\t\t<\/div>\n\t\t\t\t\t\t<\/div>\n\t\t\t\t\t<\/div>\n\t\t\t\t<\/div>\n\t\t\t\t<\/div>","protected":false},"excerpt":{"rendered":"<p>De la Historia al Souvenir Crea tus propios recuerdos con significado en Sevilla. Descubre la ciudad a trav\u00e9s de historias, sabores y artesan\u00eda mientras creas algo significativo para llevarte a casa. \u00a0Stories of Sevilla, shop &amp; experience lab\u00a0es el lugar donde se replantea la manera en que los viajeros se conectan con la ciudad. Te&#8230;<\/p>","protected":false},"author":1,"featured_media":0,"parent":0,"menu_order":0,"comment_status":"closed","ping_status":"closed","template":"elementor_header_footer","meta":{"_kad_post_transparent":"","_kad_post_title":"hide","_kad_post_layout":"fullwidth","_kad_post_sidebar_id":"","_kad_post_content_style":"unboxed","_kad_post_vertical_padding":"hide","_kad_post_feature":"hide","_kad_post_feature_position":"","_kad_post_header":false,"_kad_post_footer":false,"_kad_post_classname":"","footnotes":""},"class_list":["post-404","page","type-page","status-publish","hentry"],"_links":{"self":[{"href":"https:\/\/storiesofsevilla.es\/es\/wp-json\/wp\/v2\/pages\/404","targetHints":{"allow":["GET"]}}],"collection":[{"href":"https:\/\/storiesofsevilla.es\/es\/wp-json\/wp\/v2\/pages"}],"about":[{"href":"https:\/\/storiesofsevilla.es\/es\/wp-json\/wp\/v2\/types\/page"}],"author":[{"embeddable":true,"href":"https:\/\/storiesofsevilla.es\/es\/wp-json\/wp\/v2\/users\/1"}],"replies":[{"embeddable":true,"href":"https:\/\/storiesofsevilla.es\/es\/wp-json\/wp\/v2\/comments?post=404"}],"version-history":[{"count":49,"href":"https:\/\/storiesofsevilla.es\/es\/wp-json\/wp\/v2\/pages\/404\/revisions"}],"predecessor-version":[{"id":876,"href":"https:\/\/storiesofsevilla.es\/es\/wp-json\/wp\/v2\/pages\/404\/revisions\/876"}],"wp:attachment":[{"href":"https:\/\/storiesofsevilla.es\/es\/wp-json\/wp\/v2\/media?parent=404"}],"curies":[{"name":"wp","href":"https:\/\/api.w.org\/{rel}","templated":true}]}}