{"id":497,"date":"2026-04-12T18:30:01","date_gmt":"2026-04-12T18:30:01","guid":{"rendered":"http:\/\/storiesofsevilla.es\/?page_id=497"},"modified":"2026-04-12T18:33:24","modified_gmt":"2026-04-12T18:33:24","slug":"politica-de-cookies","status":"publish","type":"page","link":"https:\/\/storiesofsevilla.es\/es\/politica-de-cookies\/","title":{"rendered":"Pol\u00edtica de Cookies"},"content":{"rendered":"<div data-elementor-type=\"wp-page\" data-elementor-id=\"497\" class=\"elementor elementor-497\">\n\t\t\t\t<div class=\"elementor-element elementor-element-1c14a7a e-flex e-con-boxed e-con e-parent\" data-id=\"1c14a7a\" data-element_type=\"container\" data-e-type=\"container\">\n\t\t\t\t\t<div class=\"e-con-inner\">\n\t\t\t\t<div class=\"elementor-element elementor-element-dbd3b1e elementor-widget elementor-widget-text-editor\" data-id=\"dbd3b1e\" data-element_type=\"widget\" data-e-type=\"widget\" data-widget_type=\"text-editor.default\">\n\t\t\t\t\t\t\t\t\t<p data-start=\"25\" data-end=\"167\"><strong data-start=\"25\" data-end=\"50\">\u00bfQu\u00e9 son las cookies?<\/strong><br data-start=\"50\" data-end=\"53\" \/>Las cookies son peque\u00f1os archivos de texto que se almacenan en el dispositivo del usuario al visitar un sitio web.<\/p><p data-start=\"169\" data-end=\"200\"><strong data-start=\"169\" data-end=\"200\">Tipos de cookies utilizadas<\/strong><\/p><ul data-start=\"202\" data-end=\"378\"><li data-section-id=\"10gy7p3\" data-start=\"202\" data-end=\"284\"><strong data-start=\"204\" data-end=\"225\">Cookies t\u00e9cnicas:<\/strong> necesarias para el correcto funcionamiento del sitio web<\/li><li data-section-id=\"3143gs\" data-start=\"285\" data-end=\"378\"><strong data-start=\"287\" data-end=\"310\">Cookies anal\u00edticas:<\/strong> utilizadas para entender c\u00f3mo interact\u00faan los usuarios con la web<\/li><\/ul><p data-start=\"380\" data-end=\"408\"><strong data-start=\"380\" data-end=\"408\">Finalidad de las cookies<\/strong><\/p><ul data-start=\"410\" data-end=\"537\"><li data-section-id=\"1t92xhl\" data-start=\"410\" data-end=\"465\">Garantizar el correcto funcionamiento del sitio web<\/li><li data-section-id=\"uco8uc\" data-start=\"466\" data-end=\"491\">Mejorar la navegaci\u00f3n<\/li><li data-section-id=\"38dzc6\" data-start=\"492\" data-end=\"537\">Analizar el tr\u00e1fico y los patrones de uso<\/li><\/ul><p data-start=\"539\" data-end=\"557\"><strong data-start=\"539\" data-end=\"557\">Consentimiento<\/strong><\/p><p data-start=\"559\" data-end=\"636\">Al continuar navegando por el sitio web, el usuario acepta el uso de cookies.<\/p><p data-start=\"638\" data-end=\"660\"><strong data-start=\"638\" data-end=\"660\">Gesti\u00f3n de cookies<\/strong><\/p><p data-start=\"662\" data-end=\"760\">El usuario puede configurar o desactivar las cookies a trav\u00e9s de la configuraci\u00f3n de su navegador.<\/p><p data-start=\"762\" data-end=\"849\">Ten en cuenta que desactivar las cookies puede afectar al funcionamiento del sitio web.<\/p><p data-start=\"851\" data-end=\"874\"><strong data-start=\"851\" data-end=\"874\">Cookies de terceros<\/strong><\/p><p data-start=\"876\" data-end=\"1002\">Este sitio web puede utilizar servicios de terceros (por ejemplo, Google Analytics) que instalan cookies para analizar el uso.<\/p><p data-start=\"1004\" data-end=\"1032\"><strong data-start=\"1004\" data-end=\"1032\">Cambios en esta pol\u00edtica<\/strong><\/p><p data-start=\"1034\" data-end=\"1091\" data-is-last-node=\"\" data-is-only-node=\"\">Esta pol\u00edtica puede ser actualizada en cualquier momento.<\/p><p><!-- \/wp:paragraph --><\/p>\t\t\t\t\t\t\t\t<\/div>\n\t\t\t\t\t<\/div>\n\t\t\t\t<\/div>\n\t\t\t\t<\/div>","protected":false},"excerpt":{"rendered":"<p>\u00bfQu\u00e9 son las cookies?Las cookies son peque\u00f1os archivos de texto que se almacenan en el dispositivo del usuario al visitar un sitio web. Tipos de cookies utilizadas Cookies t\u00e9cnicas: necesarias para el correcto funcionamiento del sitio web Cookies anal\u00edticas: utilizadas para entender c\u00f3mo interact\u00faan los usuarios con la web Finalidad de las cookies Garantizar el&#8230;<\/p>","protected":false},"author":1,"featured_media":0,"parent":0,"menu_order":0,"comment_status":"closed","ping_status":"closed","template":"","meta":{"_kad_post_transparent":"","_kad_post_title":"hide","_kad_post_layout":"fullwidth","_kad_post_sidebar_id":"","_kad_post_content_style":"unboxed","_kad_post_vertical_padding":"hide","_kad_post_feature":"hide","_kad_post_feature_position":"","_kad_post_header":false,"_kad_post_footer":false,"_kad_post_classname":"","footnotes":""},"class_list":["post-497","page","type-page","status-publish","hentry"],"_links":{"self":[{"href":"https:\/\/storiesofsevilla.es\/es\/wp-json\/wp\/v2\/pages\/497","targetHints":{"allow":["GET"]}}],"collection":[{"href":"https:\/\/storiesofsevilla.es\/es\/wp-json\/wp\/v2\/pages"}],"about":[{"href":"https:\/\/storiesofsevilla.es\/es\/wp-json\/wp\/v2\/types\/page"}],"author":[{"embeddable":true,"href":"https:\/\/storiesofsevilla.es\/es\/wp-json\/wp\/v2\/users\/1"}],"replies":[{"embeddable":true,"href":"https:\/\/storiesofsevilla.es\/es\/wp-json\/wp\/v2\/comments?post=497"}],"version-history":[{"count":4,"href":"https:\/\/storiesofsevilla.es\/es\/wp-json\/wp\/v2\/pages\/497\/revisions"}],"predecessor-version":[{"id":502,"href":"https:\/\/storiesofsevilla.es\/es\/wp-json\/wp\/v2\/pages\/497\/revisions\/502"}],"wp:attachment":[{"href":"https:\/\/storiesofsevilla.es\/es\/wp-json\/wp\/v2\/media?parent=497"}],"curies":[{"name":"wp","href":"https:\/\/api.w.org\/{rel}","templated":true}]}}