{"id":504,"date":"2026-04-12T18:37:34","date_gmt":"2026-04-12T18:37:34","guid":{"rendered":"http:\/\/storiesofsevilla.es\/?page_id=504"},"modified":"2026-04-12T18:39:31","modified_gmt":"2026-04-12T18:39:31","slug":"aviso-legal","status":"publish","type":"page","link":"https:\/\/storiesofsevilla.es\/es\/aviso-legal\/","title":{"rendered":"Aviso Legal"},"content":{"rendered":"<div data-elementor-type=\"wp-page\" data-elementor-id=\"504\" class=\"elementor elementor-504\">\n\t\t\t\t<div class=\"elementor-element elementor-element-0949357 e-flex e-con-boxed e-con e-parent\" data-id=\"0949357\" data-element_type=\"container\" data-e-type=\"container\">\n\t\t\t\t\t<div class=\"e-con-inner\">\n\t\t\t\t<div class=\"elementor-element elementor-element-d208261 elementor-widget elementor-widget-text-editor\" data-id=\"d208261\" data-element_type=\"widget\" data-e-type=\"widget\" data-widget_type=\"text-editor.default\">\n\t\t\t\t\t\t\t\t\t<h1><strong>AVISO LEGAL<\/strong><\/h1><p>De conformidad con la normativa vigente, se facilita la siguiente informaci\u00f3n:<\/p><p><strong>Titular del sitio web<\/strong><br \/>Stories of Sevilla<\/p><p><strong>Correo electr\u00f3nico de contacto<\/strong><br \/><a href=\"mailto:hola@storiesofsevilla.es\">hola@storiesofsevilla.es<\/a><\/p><p><strong>Actividad<\/strong><br \/>Prestaci\u00f3n de experiencias culturales, talleres y servicios relacionados en Sevilla, Espa\u00f1a.<\/p><p><strong>Finalidad del sitio web<\/strong><br \/>Este sitio web ofrece informaci\u00f3n sobre los servicios prestados, permitiendo a los usuarios conocer y reservar experiencias.<\/p><p><strong>Condiciones de uso<\/strong><br \/>El acceso y uso de este sitio web implica la aceptaci\u00f3n plena de estas condiciones. El usuario se compromete a utilizar el sitio web, sus contenidos y servicios conforme a la ley, la buena fe y el orden p\u00fablico.<\/p><p>El usuario no deber\u00e1 utilizar el sitio web con fines il\u00edcitos ni de forma que pueda da\u00f1ar, inutilizar o deteriorar el sitio web o impedir su normal funcionamiento o el uso por parte de otros usuarios.<\/p><p><strong>Propiedad intelectual<\/strong><br \/>Todos los contenidos de este sitio web (textos, im\u00e1genes, logotipos, dise\u00f1o, estructura) son propiedad de Stories of Sevilla o cuentan con licencia para su uso, y est\u00e1n protegidos por la normativa de propiedad intelectual.<\/p><p>Queda prohibida su reproducci\u00f3n, distribuci\u00f3n o modificaci\u00f3n sin autorizaci\u00f3n previa.<\/p><p><strong>Responsabilidad<\/strong><br \/>El titular no se responsabiliza de:<\/p><ul><li><p>El uso indebido de los contenidos del sitio web<\/p><\/li><li><p>Los errores u omisiones en los contenidos<\/p><\/li><li><p>Los enlaces externos a sitios web de terceros<\/p><\/li><\/ul><p><strong>Legislaci\u00f3n aplicable y jurisdicci\u00f3n<\/strong><br \/>Este sitio web se rige por la legislaci\u00f3n espa\u00f1ola. Cualquier controversia se someter\u00e1 a los juzgados y tribunales de Sevilla, Espa\u00f1a.<\/p><p><!-- \/wp:paragraph --><\/p>\t\t\t\t\t\t\t\t<\/div>\n\t\t\t\t\t<\/div>\n\t\t\t\t<\/div>\n\t\t\t\t<\/div>","protected":false},"excerpt":{"rendered":"<p>AVISO LEGAL De conformidad con la normativa vigente, se facilita la siguiente informaci\u00f3n: Titular del sitio webStories of Sevilla Correo electr\u00f3nico de contactohola@storiesofsevilla.es ActividadPrestaci\u00f3n de experiencias culturales, talleres y servicios relacionados en Sevilla, Espa\u00f1a. Finalidad del sitio webEste sitio web ofrece informaci\u00f3n sobre los servicios prestados, permitiendo a los usuarios conocer y reservar experiencias. Condiciones&#8230;<\/p>","protected":false},"author":1,"featured_media":0,"parent":0,"menu_order":0,"comment_status":"closed","ping_status":"closed","template":"","meta":{"_kad_post_transparent":"","_kad_post_title":"hide","_kad_post_layout":"fullwidth","_kad_post_sidebar_id":"","_kad_post_content_style":"unboxed","_kad_post_vertical_padding":"hide","_kad_post_feature":"hide","_kad_post_feature_position":"","_kad_post_header":false,"_kad_post_footer":false,"_kad_post_classname":"","footnotes":""},"class_list":["post-504","page","type-page","status-publish","hentry"],"_links":{"self":[{"href":"https:\/\/storiesofsevilla.es\/es\/wp-json\/wp\/v2\/pages\/504","targetHints":{"allow":["GET"]}}],"collection":[{"href":"https:\/\/storiesofsevilla.es\/es\/wp-json\/wp\/v2\/pages"}],"about":[{"href":"https:\/\/storiesofsevilla.es\/es\/wp-json\/wp\/v2\/types\/page"}],"author":[{"embeddable":true,"href":"https:\/\/storiesofsevilla.es\/es\/wp-json\/wp\/v2\/users\/1"}],"replies":[{"embeddable":true,"href":"https:\/\/storiesofsevilla.es\/es\/wp-json\/wp\/v2\/comments?post=504"}],"version-history":[{"count":4,"href":"https:\/\/storiesofsevilla.es\/es\/wp-json\/wp\/v2\/pages\/504\/revisions"}],"predecessor-version":[{"id":511,"href":"https:\/\/storiesofsevilla.es\/es\/wp-json\/wp\/v2\/pages\/504\/revisions\/511"}],"wp:attachment":[{"href":"https:\/\/storiesofsevilla.es\/es\/wp-json\/wp\/v2\/media?parent=504"}],"curies":[{"name":"wp","href":"https:\/\/api.w.org\/{rel}","templated":true}]}}