{"id":514,"date":"2026-04-12T18:42:16","date_gmt":"2026-04-12T18:42:16","guid":{"rendered":"http:\/\/storiesofsevilla.es\/?page_id=514"},"modified":"2026-04-12T18:54:42","modified_gmt":"2026-04-12T18:54:42","slug":"politica-de-privacidad","status":"publish","type":"page","link":"https:\/\/storiesofsevilla.es\/es\/politica-de-privacidad\/","title":{"rendered":"Pol\u00edtica de Privacidad"},"content":{"rendered":"<div data-elementor-type=\"wp-page\" data-elementor-id=\"514\" class=\"elementor elementor-514\">\n\t\t\t\t<div class=\"elementor-element elementor-element-429f04c e-flex e-con-boxed e-con e-parent\" data-id=\"429f04c\" data-element_type=\"container\" data-e-type=\"container\">\n\t\t\t\t\t<div class=\"e-con-inner\">\n\t\t\t\t<div class=\"elementor-element elementor-element-cde20ce elementor-widget elementor-widget-text-editor\" data-id=\"cde20ce\" data-element_type=\"widget\" data-e-type=\"widget\" data-widget_type=\"text-editor.default\">\n\t\t\t\t\t\t\t\t\t<h1><strong>POL\u00cdTICA DE PRIVACIDAD<\/strong><\/h1><p>Esta Pol\u00edtica de Privacidad describe c\u00f3mo se recogen, utilizan y protegen los datos personales.<\/p><p><strong>Responsable del tratamiento<\/strong><br \/>Stories of Sevilla<br \/>Contacto: <a href=\"mailto:hola@storiesofsevilla.es\">hola@storiesofsevilla.es<\/a><\/p><p><strong>Datos recopilados<\/strong><br \/>Podemos recopilar los siguientes datos personales:<\/p><ul><li><p>Nombre<\/p><\/li><li><p>Direcci\u00f3n de correo electr\u00f3nico<\/p><\/li><li><p>Datos de reserva<\/p><\/li><li><p>Cualquier informaci\u00f3n proporcionada a trav\u00e9s de formularios de contacto<\/p><\/li><\/ul><p><strong>Finalidad del tratamiento<\/strong><br \/>Los datos personales se tratan con las siguientes finalidades:<\/p><ul><li><p>Gestionar reservas y contrataciones<\/p><\/li><li><p>Responder a consultas<\/p><\/li><li><p>Ofrecer atenci\u00f3n al cliente<\/p><\/li><li><p>Mejorar nuestros servicios<\/p><\/li><\/ul><p><strong>Base legal<\/strong><br \/>El tratamiento de datos se basa en:<\/p><ul><li><p>El consentimiento del usuario<\/p><\/li><li><p>La ejecuci\u00f3n de un contrato (reserva de servicios)<\/p><\/li><li><p>El cumplimiento de obligaciones legales, cuando corresponda<\/p><\/li><\/ul><p><strong>Conservaci\u00f3n de los datos<\/strong><br \/>Los datos personales se conservar\u00e1n \u00fanicamente durante el tiempo necesario para cumplir con las finalidades descritas o con las obligaciones legales.<\/p><p><strong>Cesi\u00f3n de datos<\/strong><br \/>Los datos no ser\u00e1n cedidos a terceros salvo:<\/p><ul><li><p>Cuando exista obligaci\u00f3n legal<\/p><\/li><li><p>Cuando sea necesario para la prestaci\u00f3n del servicio (por ejemplo, proveedores de pago)<\/p><\/li><\/ul><p><strong>Derechos de los usuarios<\/strong><br \/>Los usuarios tienen derecho a:<\/p><ul><li><p>Acceder a sus datos<\/p><\/li><li><p>Solicitar la rectificaci\u00f3n o supresi\u00f3n<\/p><\/li><li><p>Limitar u oponerse al tratamiento<\/p><\/li><li><p>Solicitar la portabilidad de los datos<\/p><\/li><\/ul><p>Las solicitudes pueden realizarse a trav\u00e9s de: <a href=\"mailto:hola@storiesofsevilla.es\">hola@storiesofsevilla.es<\/a><\/p><p><strong>Medidas de seguridad<\/strong><br \/>Se aplican medidas t\u00e9cnicas y organizativas adecuadas para proteger los datos personales.<\/p><p><strong>Cambios en esta pol\u00edtica<\/strong><br \/>Esta pol\u00edtica puede ser actualizada. Se recomienda a los usuarios revisarla peri\u00f3dicamente.<\/p><p><!-- \/wp:paragraph --><\/p>\t\t\t\t\t\t\t\t<\/div>\n\t\t\t\t\t<\/div>\n\t\t\t\t<\/div>\n\t\t\t\t<\/div>","protected":false},"excerpt":{"rendered":"<p>POL\u00cdTICA DE PRIVACIDAD Esta Pol\u00edtica de Privacidad describe c\u00f3mo se recogen, utilizan y protegen los datos personales. Responsable del tratamientoStories of SevillaContacto: hola@storiesofsevilla.es Datos recopiladosPodemos recopilar los siguientes datos personales: Nombre Direcci\u00f3n de correo electr\u00f3nico Datos de reserva Cualquier informaci\u00f3n proporcionada a trav\u00e9s de formularios de contacto Finalidad del tratamientoLos datos personales se tratan con&#8230;<\/p>","protected":false},"author":1,"featured_media":0,"parent":0,"menu_order":0,"comment_status":"closed","ping_status":"closed","template":"","meta":{"_kad_post_transparent":"","_kad_post_title":"hide","_kad_post_layout":"fullwidth","_kad_post_sidebar_id":"","_kad_post_content_style":"unboxed","_kad_post_vertical_padding":"hide","_kad_post_feature":"hide","_kad_post_feature_position":"","_kad_post_header":false,"_kad_post_footer":false,"_kad_post_classname":"","footnotes":""},"class_list":["post-514","page","type-page","status-publish","hentry"],"_links":{"self":[{"href":"https:\/\/storiesofsevilla.es\/es\/wp-json\/wp\/v2\/pages\/514","targetHints":{"allow":["GET"]}}],"collection":[{"href":"https:\/\/storiesofsevilla.es\/es\/wp-json\/wp\/v2\/pages"}],"about":[{"href":"https:\/\/storiesofsevilla.es\/es\/wp-json\/wp\/v2\/types\/page"}],"author":[{"embeddable":true,"href":"https:\/\/storiesofsevilla.es\/es\/wp-json\/wp\/v2\/users\/1"}],"replies":[{"embeddable":true,"href":"https:\/\/storiesofsevilla.es\/es\/wp-json\/wp\/v2\/comments?post=514"}],"version-history":[{"count":7,"href":"https:\/\/storiesofsevilla.es\/es\/wp-json\/wp\/v2\/pages\/514\/revisions"}],"predecessor-version":[{"id":522,"href":"https:\/\/storiesofsevilla.es\/es\/wp-json\/wp\/v2\/pages\/514\/revisions\/522"}],"wp:attachment":[{"href":"https:\/\/storiesofsevilla.es\/es\/wp-json\/wp\/v2\/media?parent=514"}],"curies":[{"name":"wp","href":"https:\/\/api.w.org\/{rel}","templated":true}]}}