{"id":526,"date":"2026-04-12T19:02:03","date_gmt":"2026-04-12T19:02:03","guid":{"rendered":"http:\/\/storiesofsevilla.es\/?page_id=526"},"modified":"2026-05-10T09:03:22","modified_gmt":"2026-05-10T09:03:22","slug":"sobre-nosotros","status":"publish","type":"page","link":"https:\/\/storiesofsevilla.es\/es\/sobre-nosotros\/","title":{"rendered":"Sobre nosotros"},"content":{"rendered":"<div data-elementor-type=\"wp-page\" data-elementor-id=\"526\" class=\"elementor elementor-526\">\n\t\t\t\t<div class=\"elementor-element elementor-element-2b44e9e e-flex e-con-boxed e-con e-parent\" data-id=\"2b44e9e\" data-element_type=\"container\" data-e-type=\"container\">\n\t\t\t\t\t<div class=\"e-con-inner\">\n\t\t\t\t<div class=\"elementor-element elementor-element-6aecda7 elementor-widget elementor-widget-text-editor\" data-id=\"6aecda7\" data-element_type=\"widget\" data-e-type=\"widget\" data-widget_type=\"text-editor.default\">\n\t\t\t\t\t\t\t\t\t<p>\u00a0<\/p><div class=\"about-container\"><h1 class=\"about-title\">Sobre nosotros<\/h1><p class=\"about-text\">Somos unos privilegiados: podemos viajar simplemente para vivir experiencias nuevas, para conocer el pasado y el presente de otros y para enriquecer nuestro imaginario cultural y emocional. El viaje nos saca de la rutina y, por un tiempo limitado, nos permite habitar una realidad distinta.<\/p><p class=\"about-text\">Que esa realidad sea Sevilla, aunque solo sea por unos d\u00edas, es un regalo extraordinario. Vivir su cultura, adaptarse a su ritmo, sentir su pulso callejero, saborear sus tapas y dejarse llevar por el sol, las flores, los patios y las guitarras.<\/p><p class=\"about-text\">Cada viaje tiene su historia, y sus protagonistas son quienes llegan con curiosidad a su destino, dispuestos a descubrir sus porqu\u00e9s y sus d\u00f3ndes, a probar, oler, escuchar y tocar. A entender y sentir. A recordar y revivir, a volver una y otra vez desde su propia memoria.<\/p><div class=\"about-highlight\">Para eso guardamos objetos. Objetos especiales, capaces de llevarnos de vuelta al destino como billetes para viajar en el tiempo.<\/div><p class=\"about-text\">En Stories of Sevilla tratamos esos objetos como reliquias del viaje, no como trofeos que demuestran una visita. Creemos en souvenirs con valor emocional, en fragmentos de tiempo que se cuidan y se reviven.<\/p><p class=\"about-text\">En nuestra tienda &amp; experience lab puedes encontrar \u2014o crear\u2014 objetos que cuenten tus historias favoritas de Sevilla, o historias que t\u00fa has vivido, s\u00edmbolos que t\u00fa has reconocido.<\/p><p class=\"about-text\">Adem\u00e1s, en nuestra experiencia sensorial, te contamos nuestras historias favoritas y juntos las transformamos en un conjunto de souvenirs que seguir\u00e1n habl\u00e1ndote cuando est\u00e9s lejos, prolongando la memoria de Sevilla y la emoci\u00f3n del viaje.<\/p><div class=\"about-final\"><p>Afirmamos, lo mejor del viaje es sentir el destino.<\/p><p>Su mejor historia, la que escriben sus viajeros.<\/p><p>Nuestros souvenirs cuentan las historias de Sevilla.<\/p><\/div><\/div>\t\t\t\t\t\t\t\t<\/div>\n\t\t\t\t\t<\/div>\n\t\t\t\t<\/div>\n\t\t\t\t<\/div>","protected":false},"excerpt":{"rendered":"<p>\u00a0 Sobre nosotros Somos unos privilegiados: podemos viajar simplemente para vivir experiencias nuevas, para conocer el pasado y el presente de otros y para enriquecer nuestro imaginario cultural y emocional. El viaje nos saca de la rutina y, por un tiempo limitado, nos permite habitar una realidad distinta. Que esa realidad sea Sevilla, aunque solo&#8230;<\/p>","protected":false},"author":1,"featured_media":0,"parent":0,"menu_order":0,"comment_status":"closed","ping_status":"closed","template":"","meta":{"_kad_post_transparent":"","_kad_post_title":"hide","_kad_post_layout":"fullwidth","_kad_post_sidebar_id":"","_kad_post_content_style":"unboxed","_kad_post_vertical_padding":"hide","_kad_post_feature":"hide","_kad_post_feature_position":"","_kad_post_header":false,"_kad_post_footer":false,"_kad_post_classname":"","footnotes":""},"class_list":["post-526","page","type-page","status-publish","hentry"],"_links":{"self":[{"href":"https:\/\/storiesofsevilla.es\/es\/wp-json\/wp\/v2\/pages\/526","targetHints":{"allow":["GET"]}}],"collection":[{"href":"https:\/\/storiesofsevilla.es\/es\/wp-json\/wp\/v2\/pages"}],"about":[{"href":"https:\/\/storiesofsevilla.es\/es\/wp-json\/wp\/v2\/types\/page"}],"author":[{"embeddable":true,"href":"https:\/\/storiesofsevilla.es\/es\/wp-json\/wp\/v2\/users\/1"}],"replies":[{"embeddable":true,"href":"https:\/\/storiesofsevilla.es\/es\/wp-json\/wp\/v2\/comments?post=526"}],"version-history":[{"count":15,"href":"https:\/\/storiesofsevilla.es\/es\/wp-json\/wp\/v2\/pages\/526\/revisions"}],"predecessor-version":[{"id":891,"href":"https:\/\/storiesofsevilla.es\/es\/wp-json\/wp\/v2\/pages\/526\/revisions\/891"}],"wp:attachment":[{"href":"https:\/\/storiesofsevilla.es\/es\/wp-json\/wp\/v2\/media?parent=526"}],"curies":[{"name":"wp","href":"https:\/\/api.w.org\/{rel}","templated":true}]}}